{"id":178,"date":"2022-10-04T13:58:03","date_gmt":"2022-10-04T13:58:03","guid":{"rendered":"https:\/\/musikzug-kleinfoerste.de\/?page_id=178"},"modified":"2025-03-19T05:31:38","modified_gmt":"2025-03-19T05:31:38","slug":"die-musikids","status":"publish","type":"page","link":"https:\/\/musikzug-kleinfoerste.de\/?page_id=178","title":{"rendered":"Die MusiKids"},"content":{"rendered":"\t\t<div data-elementor-type=\"wp-page\" data-elementor-id=\"178\" class=\"elementor elementor-178\">\n\t\t\t\t\t\t\t\t\t<section class=\"elementor-section elementor-top-section elementor-element elementor-element-58b92c2 elementor-section-boxed elementor-section-height-default elementor-section-height-default\" data-id=\"58b92c2\" data-element_type=\"section\">\n\t\t\t\t\t\t<div class=\"elementor-container elementor-column-gap-default\">\n\t\t\t\t\t<div class=\"elementor-column elementor-col-100 elementor-top-column elementor-element elementor-element-bca2b1c\" data-id=\"bca2b1c\" data-element_type=\"column\">\n\t\t\t<div class=\"elementor-widget-wrap elementor-element-populated\">\n\t\t\t\t\t\t\t\t<div class=\"elementor-element elementor-element-5f29ef7 elementor-widget elementor-widget-image\" data-id=\"5f29ef7\" data-element_type=\"widget\" data-widget_type=\"image.default\">\n\t\t\t\t<div class=\"elementor-widget-container\">\n\t\t\t<style>\/*! elementor - v3.11.0 - 13-02-2023 *\/\n.elementor-widget-image{text-align:center}.elementor-widget-image a{display:inline-block}.elementor-widget-image a img[src$=\".svg\"]{width:48px}.elementor-widget-image img{vertical-align:middle;display:inline-block}<\/style>\t\t\t\t\t\t\t\t\t\t\t\t<img decoding=\"async\" width=\"300\" height=\"300\" src=\"https:\/\/musikzug-kleinfoerste.de\/wp-content\/uploads\/2022\/10\/MusiKids-300x300.png\" class=\"attachment-medium size-medium wp-image-290\" alt=\"\" loading=\"lazy\" srcset=\"https:\/\/musikzug-kleinfoerste.de\/wp-content\/uploads\/2022\/10\/MusiKids-300x300.png 300w, https:\/\/musikzug-kleinfoerste.de\/wp-content\/uploads\/2022\/10\/MusiKids-1024x1024.png 1024w, https:\/\/musikzug-kleinfoerste.de\/wp-content\/uploads\/2022\/10\/MusiKids-150x150.png 150w, https:\/\/musikzug-kleinfoerste.de\/wp-content\/uploads\/2022\/10\/MusiKids-768x768.png 768w, https:\/\/musikzug-kleinfoerste.de\/wp-content\/uploads\/2022\/10\/MusiKids.png 1182w\" sizes=\"(max-width: 300px) 100vw, 300px\" \/>\t\t\t\t\t\t\t\t\t\t\t\t\t\t\t<\/div>\n\t\t\t\t<\/div>\n\t\t\t\t\t<\/div>\n\t\t<\/div>\n\t\t\t\t\t\t\t<\/div>\n\t\t<\/section>\n\t\t\t\t<section class=\"elementor-section elementor-top-section elementor-element elementor-element-7cfa551 elementor-section-boxed elementor-section-height-default elementor-section-height-default\" data-id=\"7cfa551\" data-element_type=\"section\">\n\t\t\t\t\t\t<div class=\"elementor-container elementor-column-gap-default\">\n\t\t\t\t\t<div class=\"elementor-column elementor-col-100 elementor-top-column elementor-element elementor-element-dd9607d\" data-id=\"dd9607d\" data-element_type=\"column\">\n\t\t\t<div class=\"elementor-widget-wrap elementor-element-populated\">\n\t\t\t\t\t\t\t\t<div class=\"elementor-element elementor-element-16bd0a2 elementor-widget elementor-widget-text-editor\" data-id=\"16bd0a2\" data-element_type=\"widget\" data-widget_type=\"text-editor.default\">\n\t\t\t\t<div class=\"elementor-widget-container\">\n\t\t\t<style>\/*! elementor - v3.11.0 - 13-02-2023 *\/\n.elementor-widget-text-editor.elementor-drop-cap-view-stacked .elementor-drop-cap{background-color:#818a91;color:#fff}.elementor-widget-text-editor.elementor-drop-cap-view-framed .elementor-drop-cap{color:#818a91;border:3px solid;background-color:transparent}.elementor-widget-text-editor:not(.elementor-drop-cap-view-default) .elementor-drop-cap{margin-top:8px}.elementor-widget-text-editor:not(.elementor-drop-cap-view-default) .elementor-drop-cap-letter{width:1em;height:1em}.elementor-widget-text-editor .elementor-drop-cap{float:left;text-align:center;line-height:1;font-size:50px}.elementor-widget-text-editor .elementor-drop-cap-letter{display:inline-block}<\/style>\t\t\t\t<p><strong>Musikalische Fr\u00fcherziehung f\u00fcr Kinder ab 3<\/strong><\/p><p>Die musikalische Fr\u00fcherziehung macht es sich zur Aufgabe, Kinder ganzheitlich zu f\u00f6rdern und ihnen Freude am gemeinsamen Musizieren, Singen und Tanzen zu vermitteln.<\/p><p>Ganz ohne Leistungsdruck bietet der Kurs, der w\u00f6chentlich stattfindet, den Kleinen ein abwechslungsreiches Programm: erste einfache Rhythmus\u00fcbungen auf Instrumenten, Bewegungsspiele, Singen und Malen geh\u00f6ren in jeden dieser Kurse. Auch das Zuh\u00f6ren zu lernen ist ein wichtiger Bestandteil der musikalische Fr\u00fcherziehung. Die Kleinen sollen lernen, hohe und tiefe T\u00f6ne und laute und leise Ger\u00e4usche, sowie schnelle und langsame Melodien voneinander zu unterscheiden.<\/p><p>Wichtig ist, dass die Musikalische Fr\u00fcherziehung nicht nur besonders begabten Kindern offen steht, sondern alle Kinder daran teilnehmen k\u00f6nnen. Die Inhalte der Kurse f\u00f6rdern das Ged\u00e4chtnis, die Konzentration und die Sensibilit\u00e4t, egal, wie begabt die Kinder im eigentlichen musikalischen Sinne sind. Allgemein bietet die Musikalische Fr\u00fcherziehung eine gute Basis f\u00fcr den Musikunterricht in der Schule, sowie f\u00fcr das Erlernen eines Instruments.<\/p>\t\t\t\t\t\t<\/div>\n\t\t\t\t<\/div>\n\t\t\t\t\t<\/div>\n\t\t<\/div>\n\t\t\t\t\t\t\t<\/div>\n\t\t<\/section>\n\t\t\t\t<section class=\"elementor-section elementor-top-section elementor-element elementor-element-03fa2c0 elementor-section-boxed elementor-section-height-default elementor-section-height-default\" data-id=\"03fa2c0\" data-element_type=\"section\">\n\t\t\t\t\t\t<div class=\"elementor-container elementor-column-gap-default\">\n\t\t\t\t\t<div class=\"elementor-column elementor-col-50 elementor-top-column elementor-element elementor-element-7192fcb\" data-id=\"7192fcb\" data-element_type=\"column\">\n\t\t\t<div class=\"elementor-widget-wrap elementor-element-populated\">\n\t\t\t\t\t\t\t\t<div class=\"elementor-element elementor-element-ccb2d6d elementor-widget elementor-widget-text-editor\" data-id=\"ccb2d6d\" data-element_type=\"widget\" data-widget_type=\"text-editor.default\">\n\t\t\t\t<div class=\"elementor-widget-container\">\n\t\t\t\t\t\t\t<p><strong>Wann:&nbsp; &nbsp; &nbsp; &nbsp;<\/strong>immer dienstags um 17h<\/p>\n<p><strong>Wer:&nbsp; &nbsp; &nbsp; &nbsp; &nbsp; <\/strong>Kinder zwischen 3 und 5 Jahren<\/p>\n<p><strong>Wo:&nbsp; &nbsp; &nbsp; &nbsp; &nbsp; &nbsp;<\/strong>in Klein F\u00f6rste<\/p>\n<p><strong>Kosten:&nbsp; &nbsp; &nbsp;<\/strong>30,- \u20ac im Monat<\/p>\n<p><strong>Materialkosten:&nbsp; <\/strong>keine<\/p>\n<p><strong>Gruppengr\u00f6\u00dfe:&nbsp; &nbsp;<\/strong>7 (mind.) bis 10 Kinder&nbsp;<\/p>\n<p><strong>Kursleitung:&nbsp; &nbsp; &nbsp; &nbsp;<\/strong>Iris Ohle, Mobile Musikschule &nbsp;(Ausbildung f\u00fcr Musikgarten)<\/p>\t\t\t\t\t\t<\/div>\n\t\t\t\t<\/div>\n\t\t\t\t<div class=\"elementor-element elementor-element-58f2156 elementor-widget elementor-widget-button\" data-id=\"58f2156\" data-element_type=\"widget\" data-widget_type=\"button.default\">\n\t\t\t\t<div class=\"elementor-widget-container\">\n\t\t\t\t\t<div class=\"elementor-button-wrapper\">\n\t\t\t<a href=\"?page_id=703\" class=\"elementor-button-link elementor-button elementor-size-sm\" role=\"button\">\n\t\t\t\t\t\t<span class=\"elementor-button-content-wrapper\">\n\t\t\t\t\t\t<span class=\"elementor-button-text\">zur Anmeldung<\/span>\n\t\t<\/span>\n\t\t\t\t\t<\/a>\n\t\t<\/div>\n\t\t\t\t<\/div>\n\t\t\t\t<\/div>\n\t\t\t\t\t<\/div>\n\t\t<\/div>\n\t\t\t\t<div class=\"elementor-column elementor-col-50 elementor-top-column elementor-element elementor-element-66205b3\" data-id=\"66205b3\" data-element_type=\"column\">\n\t\t\t<div class=\"elementor-widget-wrap elementor-element-populated\">\n\t\t\t\t\t\t\t\t<div class=\"elementor-element elementor-element-29fb626 elementor-widget elementor-widget-text-editor\" data-id=\"29fb626\" data-element_type=\"widget\" data-widget_type=\"text-editor.default\">\n\t\t\t\t<div class=\"elementor-widget-container\">\n\t\t\t\t\t\t\t\t\t\t\t\t\t<\/div>\n\t\t\t\t<\/div>\n\t\t\t\t\t<\/div>\n\t\t<\/div>\n\t\t\t\t\t\t\t<\/div>\n\t\t<\/section>\n\t\t\t\t<section class=\"elementor-section elementor-top-section elementor-element elementor-element-9238559 elementor-section-boxed elementor-section-height-default elementor-section-height-default\" data-id=\"9238559\" data-element_type=\"section\">\n\t\t\t\t\t\t<div class=\"elementor-container elementor-column-gap-default\">\n\t\t\t\t\t<div class=\"elementor-column elementor-col-25 elementor-top-column elementor-element elementor-element-12a6cc1\" data-id=\"12a6cc1\" data-element_type=\"column\">\n\t\t\t<div class=\"elementor-widget-wrap\">\n\t\t\t\t\t\t\t\t\t<\/div>\n\t\t<\/div>\n\t\t\t\t<div class=\"elementor-column elementor-col-50 elementor-top-column elementor-element elementor-element-495c894\" data-id=\"495c894\" data-element_type=\"column\">\n\t\t\t<div class=\"elementor-widget-wrap elementor-element-populated\">\n\t\t\t\t\t\t\t\t<div class=\"elementor-element elementor-element-397ba3c elementor-widget elementor-widget-text-editor\" data-id=\"397ba3c\" data-element_type=\"widget\" data-widget_type=\"text-editor.default\">\n\t\t\t\t<div class=\"elementor-widget-container\">\n\t\t\t\t\t\t\t<p><strong>Unterrichtsordnung<\/strong><\/p><ol><li>Der Gruppenunterricht findet einmal w\u00f6chentlich statt.<\/li><li>Die Unterrichtsdauer betr\u00e4gt 40 Minuten.<\/li><li>Die monatliche Unterrichtsgeb\u00fchr betr\u00e4gt 30,-\u20ac.<\/li><li>An gesetzlichen Feiertagen und in den \u00f6rtlich geltenden Schulferien findet kein Unterricht statt, ohne dass dies Einfluss auf das vereinbarte monatliche Unterrichtshonorar hat.<\/li><li>Die K\u00fcndigung des Vertrags kann nur in schriftlicher Form mit einer Frist von vier Wochen vor Quartalsende erfolgen.<\/li><li>Die Monatsbeitr\u00e4ge werden monatlich per SEPA-Lastschrift zum 05. eines Monats erhoben (unsere Gl\u00e4ubiger ID: DE41ZZZ00000984848). Die Mehrkosten durch nichteingel\u00f6ste Lastschriften werden entsprechend weiterberechnet.<\/li><\/ol>\t\t\t\t\t\t<\/div>\n\t\t\t\t<\/div>\n\t\t\t\t\t<\/div>\n\t\t<\/div>\n\t\t\t\t<div class=\"elementor-column elementor-col-25 elementor-top-column elementor-element elementor-element-6ad1ccf\" data-id=\"6ad1ccf\" data-element_type=\"column\">\n\t\t\t<div class=\"elementor-widget-wrap\">\n\t\t\t\t\t\t\t\t\t<\/div>\n\t\t<\/div>\n\t\t\t\t\t\t\t<\/div>\n\t\t<\/section>\n\t\t\t\t\t\t\t<\/div>\n\t\t","protected":false},"excerpt":{"rendered":"<p>Musikalische Fr\u00fcherziehung f\u00fcr Kinder ab 3 Die musikalische Fr\u00fcherziehung macht es sich zur Aufgabe, Kinder ganzheitlich zu f\u00f6rdern und ihnen Freude am gemeinsamen Musizieren, Singen und Tanzen zu vermitteln. Ganz ohne Leistungsdruck bietet der Kurs, der w\u00f6chentlich stattfindet, den Kleinen ein abwechslungsreiches Programm: erste einfache Rhythmus\u00fcbungen auf Instrumenten, Bewegungsspiele, Singen [&hellip;]<\/p>\n","protected":false},"author":1,"featured_media":0,"parent":0,"menu_order":0,"comment_status":"closed","ping_status":"closed","template":"elementor_header_footer","meta":[],"_links":{"self":[{"href":"https:\/\/musikzug-kleinfoerste.de\/index.php?rest_route=\/wp\/v2\/pages\/178"}],"collection":[{"href":"https:\/\/musikzug-kleinfoerste.de\/index.php?rest_route=\/wp\/v2\/pages"}],"about":[{"href":"https:\/\/musikzug-kleinfoerste.de\/index.php?rest_route=\/wp\/v2\/types\/page"}],"author":[{"embeddable":true,"href":"https:\/\/musikzug-kleinfoerste.de\/index.php?rest_route=\/wp\/v2\/users\/1"}],"replies":[{"embeddable":true,"href":"https:\/\/musikzug-kleinfoerste.de\/index.php?rest_route=%2Fwp%2Fv2%2Fcomments&post=178"}],"version-history":[{"count":62,"href":"https:\/\/musikzug-kleinfoerste.de\/index.php?rest_route=\/wp\/v2\/pages\/178\/revisions"}],"predecessor-version":[{"id":1364,"href":"https:\/\/musikzug-kleinfoerste.de\/index.php?rest_route=\/wp\/v2\/pages\/178\/revisions\/1364"}],"wp:attachment":[{"href":"https:\/\/musikzug-kleinfoerste.de\/index.php?rest_route=%2Fwp%2Fv2%2Fmedia&parent=178"}],"curies":[{"name":"wp","href":"https:\/\/api.w.org\/{rel}","templated":true}]}}