{"id":195,"date":"2022-10-04T14:10:19","date_gmt":"2022-10-04T14:10:19","guid":{"rendered":"https:\/\/musikzug-kleinfoerste.de\/?page_id=195"},"modified":"2026-01-28T18:46:04","modified_gmt":"2026-01-28T18:46:04","slug":"die-kleinen-zauberfloeten","status":"publish","type":"page","link":"https:\/\/musikzug-kleinfoerste.de\/?page_id=195","title":{"rendered":"Die kleinen Zauberfl\u00f6ten"},"content":{"rendered":"\t\t<div data-elementor-type=\"wp-page\" data-elementor-id=\"195\" class=\"elementor elementor-195\">\n\t\t\t\t\t\t\t\t\t<section class=\"elementor-section elementor-top-section elementor-element elementor-element-ae7de94 elementor-section-boxed elementor-section-height-default elementor-section-height-default\" data-id=\"ae7de94\" data-element_type=\"section\">\n\t\t\t\t\t\t<div class=\"elementor-container elementor-column-gap-default\">\n\t\t\t\t\t<div class=\"elementor-column elementor-col-100 elementor-top-column elementor-element elementor-element-80424d0\" data-id=\"80424d0\" data-element_type=\"column\">\n\t\t\t<div class=\"elementor-widget-wrap elementor-element-populated\">\n\t\t\t\t\t\t\t\t<div class=\"elementor-element elementor-element-0a5313a elementor-widget elementor-widget-image\" data-id=\"0a5313a\" data-element_type=\"widget\" data-widget_type=\"image.default\">\n\t\t\t\t<div class=\"elementor-widget-container\">\n\t\t\t<style>\/*! elementor - v3.11.0 - 13-02-2023 *\/\n.elementor-widget-image{text-align:center}.elementor-widget-image a{display:inline-block}.elementor-widget-image a img[src$=\".svg\"]{width:48px}.elementor-widget-image img{vertical-align:middle;display:inline-block}<\/style>\t\t\t\t\t\t\t\t\t\t\t\t<img decoding=\"async\" width=\"300\" height=\"300\" src=\"https:\/\/musikzug-kleinfoerste.de\/wp-content\/uploads\/2022\/10\/Kleine-Zauberfloeten-300x300.png\" class=\"attachment-medium size-medium wp-image-337\" alt=\"\" loading=\"lazy\" srcset=\"https:\/\/musikzug-kleinfoerste.de\/wp-content\/uploads\/2022\/10\/Kleine-Zauberfloeten-300x300.png 300w, https:\/\/musikzug-kleinfoerste.de\/wp-content\/uploads\/2022\/10\/Kleine-Zauberfloeten-1024x1024.png 1024w, https:\/\/musikzug-kleinfoerste.de\/wp-content\/uploads\/2022\/10\/Kleine-Zauberfloeten-150x150.png 150w, https:\/\/musikzug-kleinfoerste.de\/wp-content\/uploads\/2022\/10\/Kleine-Zauberfloeten-768x769.png 768w, https:\/\/musikzug-kleinfoerste.de\/wp-content\/uploads\/2022\/10\/Kleine-Zauberfloeten.png 1182w\" sizes=\"(max-width: 300px) 100vw, 300px\" \/>\t\t\t\t\t\t\t\t\t\t\t\t\t\t\t<\/div>\n\t\t\t\t<\/div>\n\t\t\t\t<div class=\"elementor-element elementor-element-7144325 elementor-widget elementor-widget-image\" data-id=\"7144325\" data-element_type=\"widget\" data-widget_type=\"image.default\">\n\t\t\t\t<div class=\"elementor-widget-container\">\n\t\t\t\t\t\t\t\t\t\t\t\t\t\t\t<img decoding=\"async\" width=\"300\" height=\"200\" src=\"https:\/\/musikzug-kleinfoerste.de\/wp-content\/uploads\/2022\/10\/Blockflte-300x200.jpg\" class=\"attachment-medium size-medium wp-image-197\" alt=\"\" loading=\"lazy\" srcset=\"https:\/\/musikzug-kleinfoerste.de\/wp-content\/uploads\/2022\/10\/Blockflte-300x200.jpg 300w, https:\/\/musikzug-kleinfoerste.de\/wp-content\/uploads\/2022\/10\/Blockflte.jpg 640w\" sizes=\"(max-width: 300px) 100vw, 300px\" \/>\t\t\t\t\t\t\t\t\t\t\t\t\t\t\t<\/div>\n\t\t\t\t<\/div>\n\t\t\t\t<div class=\"elementor-element elementor-element-9c8edb4 elementor-widget elementor-widget-text-editor\" data-id=\"9c8edb4\" data-element_type=\"widget\" data-widget_type=\"text-editor.default\">\n\t\t\t\t<div class=\"elementor-widget-container\">\n\t\t\t<style>\/*! elementor - v3.11.0 - 13-02-2023 *\/\n.elementor-widget-text-editor.elementor-drop-cap-view-stacked .elementor-drop-cap{background-color:#818a91;color:#fff}.elementor-widget-text-editor.elementor-drop-cap-view-framed .elementor-drop-cap{color:#818a91;border:3px solid;background-color:transparent}.elementor-widget-text-editor:not(.elementor-drop-cap-view-default) .elementor-drop-cap{margin-top:8px}.elementor-widget-text-editor:not(.elementor-drop-cap-view-default) .elementor-drop-cap-letter{width:1em;height:1em}.elementor-widget-text-editor .elementor-drop-cap{float:left;text-align:center;line-height:1;font-size:50px}.elementor-widget-text-editor .elementor-drop-cap-letter{display:inline-block}<\/style>\t\t\t\t<p>Im Vergleich zu anderen Instrumenten ist die Blockfl\u00f6te relativ einfach zu spielen und ist deshalb ein tolles Einstiegsinstrument f\u00fcr Kinder. Im Blockfl\u00f6tenspiel lernen sie spielerisch die Welt der Noten kennen. In einer kleinen Gruppe lernen sie erste Melodien und Kinderlieder. Die Kinder begreifen die Bedeutung der unterschiedlichen Noten und den Zusammenhang mit einer Melodie. Dies f\u00f6rdert das kreative Denken und bietet eine gelungene Abwechslung zum Schulalltag. Das Blockfl\u00f6tenspiel schafft die ideale Voraussetzung, ein weiterf\u00fchrendes Instrument zu erlernen.<\/p>\t\t\t\t\t\t<\/div>\n\t\t\t\t<\/div>\n\t\t\t\t<div class=\"elementor-element elementor-element-ce0380d elementor-widget elementor-widget-heading\" data-id=\"ce0380d\" data-element_type=\"widget\" data-widget_type=\"heading.default\">\n\t\t\t\t<div class=\"elementor-widget-container\">\n\t\t\t<style>\/*! elementor - v3.11.0 - 13-02-2023 *\/\n.elementor-heading-title{padding:0;margin:0;line-height:1}.elementor-widget-heading .elementor-heading-title[class*=elementor-size-]>a{color:inherit;font-size:inherit;line-height:inherit}.elementor-widget-heading .elementor-heading-title.elementor-size-small{font-size:15px}.elementor-widget-heading .elementor-heading-title.elementor-size-medium{font-size:19px}.elementor-widget-heading .elementor-heading-title.elementor-size-large{font-size:29px}.elementor-widget-heading .elementor-heading-title.elementor-size-xl{font-size:39px}.elementor-widget-heading .elementor-heading-title.elementor-size-xxl{font-size:59px}<\/style><h5 class=\"elementor-heading-title elementor-size-default\">\"Mit der Fl\u00f6te durch das Jahr\"<\/h5>\t\t<\/div>\n\t\t\t\t<\/div>\n\t\t\t\t\t<\/div>\n\t\t<\/div>\n\t\t\t\t\t\t\t<\/div>\n\t\t<\/section>\n\t\t\t\t<section class=\"elementor-section elementor-top-section elementor-element elementor-element-c00e130 elementor-section-boxed elementor-section-height-default elementor-section-height-default\" data-id=\"c00e130\" data-element_type=\"section\">\n\t\t\t\t\t\t<div class=\"elementor-container elementor-column-gap-default\">\n\t\t\t\t\t<div class=\"elementor-column elementor-col-50 elementor-top-column elementor-element elementor-element-3a3b9f8\" data-id=\"3a3b9f8\" data-element_type=\"column\">\n\t\t\t<div class=\"elementor-widget-wrap elementor-element-populated\">\n\t\t\t\t\t\t\t\t<div class=\"elementor-element elementor-element-0a22fd8 elementor-widget elementor-widget-heading\" data-id=\"0a22fd8\" data-element_type=\"widget\" data-widget_type=\"heading.default\">\n\t\t\t\t<div class=\"elementor-widget-container\">\n\t\t\t<h5 class=\"elementor-heading-title elementor-size-default\">Blockfl\u00f6tenkurs f\u00fcr Anf\u00e4nger<\/h5>\t\t<\/div>\n\t\t\t\t<\/div>\n\t\t\t\t<div class=\"elementor-element elementor-element-9883660 elementor-widget elementor-widget-text-editor\" data-id=\"9883660\" data-element_type=\"widget\" data-widget_type=\"text-editor.default\">\n\t\t\t\t<div class=\"elementor-widget-container\">\n\t\t\t\t\t\t\t<p><strong>Wann:<\/strong> montags um 17:00h (bis 17:45h) &#8211; (ein neuer Kurs \u00a0startet voraussichtlich am 11. Januar 2027)<\/p><p><strong>Wer: <\/strong>(Schul-)Kinder ab 6 Jahren<\/p><p><strong>Wo: <\/strong>Kastanienallee 12 in Klein F\u00f6rste (Probenraum im Feuerwehrger\u00e4tehaus)<\/p><p><strong>Kosten: <\/strong>20,- \u20ac im Monat<\/p><p><strong>Materialkosten: <\/strong>in Abstimmung mit der Gruppenleitung<\/p><p><strong>Gruppengr\u00f6\u00dfe: <\/strong>max. 5 Kinder<\/p><p><strong>Kursleitung: <\/strong>Catherine Komes, Saxophonistin im Musikzug Klein F\u00f6rste<\/p>\t\t\t\t\t\t<\/div>\n\t\t\t\t<\/div>\n\t\t\t\t\t<\/div>\n\t\t<\/div>\n\t\t\t\t<div class=\"elementor-column elementor-col-50 elementor-top-column elementor-element elementor-element-1038b10\" data-id=\"1038b10\" data-element_type=\"column\">\n\t\t\t<div class=\"elementor-widget-wrap elementor-element-populated\">\n\t\t\t\t\t\t\t\t<div class=\"elementor-element elementor-element-2947e27 elementor-widget elementor-widget-heading\" data-id=\"2947e27\" data-element_type=\"widget\" data-widget_type=\"heading.default\">\n\t\t\t\t<div class=\"elementor-widget-container\">\n\t\t\t<h5 class=\"elementor-heading-title elementor-size-default\">Blockfl\u00f6tenkurs f\u00fcr Fortgeschrittene<\/h5>\t\t<\/div>\n\t\t\t\t<\/div>\n\t\t\t\t<div class=\"elementor-element elementor-element-61bdd03 elementor-widget elementor-widget-text-editor\" data-id=\"61bdd03\" data-element_type=\"widget\" data-widget_type=\"text-editor.default\">\n\t\t\t\t<div class=\"elementor-widget-container\">\n\t\t\t\t\t\t\t<p><strong>Wann: <\/strong>auf Anfrage<\/p><p><strong>Wer: <\/strong>Kinder, die bereits schon ein bisschen (oder ein bisschen mehr) auf der Blockfl\u00f6te spielen k\u00f6nnen<\/p><p><strong>Wo: <\/strong>Kastanienallee 12 in Klein F\u00f6rste (Probenraum im Feuerwehrger\u00e4tehaus)<\/p><p><strong>Kosten: <\/strong>20,- \u20ac im Monat<\/p><p><strong>Materialkosten<\/strong>: in Abstimmung mit der Gruppenleitung<\/p><p><strong>Gruppengr\u00f6\u00dfe: <\/strong>max. 6 Kinder<\/p><p><strong>Kursleitung: <\/strong>Catherine Komes, Saxophonistin im Musikzug Klein F\u00f6rste<\/p>\t\t\t\t\t\t<\/div>\n\t\t\t\t<\/div>\n\t\t\t\t\t<\/div>\n\t\t<\/div>\n\t\t\t\t\t\t\t<\/div>\n\t\t<\/section>\n\t\t\t\t<section class=\"elementor-section elementor-top-section elementor-element elementor-element-0ed510a elementor-section-boxed elementor-section-height-default elementor-section-height-default\" data-id=\"0ed510a\" data-element_type=\"section\">\n\t\t\t\t\t\t<div class=\"elementor-container elementor-column-gap-default\">\n\t\t\t\t\t<div class=\"elementor-column elementor-col-100 elementor-top-column elementor-element elementor-element-a600e98\" data-id=\"a600e98\" data-element_type=\"column\">\n\t\t\t<div class=\"elementor-widget-wrap elementor-element-populated\">\n\t\t\t\t\t\t\t\t<div class=\"elementor-element elementor-element-9a6d9e1 elementor-widget elementor-widget-text-editor\" data-id=\"9a6d9e1\" data-element_type=\"widget\" data-widget_type=\"text-editor.default\">\n\t\t\t\t<div class=\"elementor-widget-container\">\n\t\t\t\t\t\t\t<p>Eine Sopranblockfl\u00f6te ist mitzubringen. Dabei ist es ganz egal, ob es eine Fl\u00f6te aus Kunststoff oder aus Holz ist. Der Einfachheit halber w\u00fcrden wir eine Blockfl\u00f6te mit deutscher Griffweise bevorzugen, unterrichten aber nat\u00fcrlich auch alle Kinder, die bereits eine\u00a0 Blockfl\u00f6te mit barocker Griffweise haben.\u00a0<\/p>\t\t\t\t\t\t<\/div>\n\t\t\t\t<\/div>\n\t\t\t\t<div class=\"elementor-element elementor-element-cd5769d elementor-widget elementor-widget-button\" data-id=\"cd5769d\" data-element_type=\"widget\" data-widget_type=\"button.default\">\n\t\t\t\t<div class=\"elementor-widget-container\">\n\t\t\t\t\t<div class=\"elementor-button-wrapper\">\n\t\t\t<a href=\"?page_id=703\" class=\"elementor-button-link elementor-button elementor-size-sm\" role=\"button\">\n\t\t\t\t\t\t<span class=\"elementor-button-content-wrapper\">\n\t\t\t\t\t\t<span class=\"elementor-button-text\">zur Anmeldung<\/span>\n\t\t<\/span>\n\t\t\t\t\t<\/a>\n\t\t<\/div>\n\t\t\t\t<\/div>\n\t\t\t\t<\/div>\n\t\t\t\t<div class=\"elementor-element elementor-element-a8924d2 elementor-widget elementor-widget-text-editor\" data-id=\"a8924d2\" data-element_type=\"widget\" data-widget_type=\"text-editor.default\">\n\t\t\t\t<div class=\"elementor-widget-container\">\n\t\t\t\t\t\t\t\t\t\t\t\t\t<\/div>\n\t\t\t\t<\/div>\n\t\t\t\t\t<\/div>\n\t\t<\/div>\n\t\t\t\t\t\t\t<\/div>\n\t\t<\/section>\n\t\t\t\t<section class=\"elementor-section elementor-top-section elementor-element elementor-element-7d11c4f elementor-section-boxed elementor-section-height-default elementor-section-height-default\" data-id=\"7d11c4f\" data-element_type=\"section\">\n\t\t\t\t\t\t<div class=\"elementor-container elementor-column-gap-default\">\n\t\t\t\t\t<div class=\"elementor-column elementor-col-25 elementor-top-column elementor-element elementor-element-27ddacc\" data-id=\"27ddacc\" data-element_type=\"column\">\n\t\t\t<div class=\"elementor-widget-wrap\">\n\t\t\t\t\t\t\t\t\t<\/div>\n\t\t<\/div>\n\t\t\t\t<div class=\"elementor-column elementor-col-50 elementor-top-column elementor-element elementor-element-2da7908\" data-id=\"2da7908\" data-element_type=\"column\">\n\t\t\t<div class=\"elementor-widget-wrap elementor-element-populated\">\n\t\t\t\t\t\t\t\t<div class=\"elementor-element elementor-element-a06baab elementor-widget elementor-widget-text-editor\" data-id=\"a06baab\" data-element_type=\"widget\" data-widget_type=\"text-editor.default\">\n\t\t\t\t<div class=\"elementor-widget-container\">\n\t\t\t\t\t\t\t<p><strong>Unterrichtsordnung<\/strong><\/p><ol><li>Der Gruppenunterricht findet einmal w\u00f6chentlich statt.<\/li><li>Die Unterrichtsdauer betr\u00e4gt 45 Minuten.<\/li><li>Die monatliche Unterrichtsgeb\u00fchr betr\u00e4gt 20,-\u20ac.<\/li><li>An gesetzlichen Feiertagen und in den \u00f6rtlich geltenden Schulferien findet kein Unterricht statt, ohne dass dies Einfluss auf das vereinbarte monatliche Unterrichtshonorar hat.<\/li><li>Die K\u00fcndigung des Vertrags kann nur in schriftlicher Form mit einer Frist von vier Wochen vor Quartalsende erfolgen.<\/li><li>Die Monatsbeitr\u00e4ge werden monatlich per SEPA-Lastschrift zum 05. eines Monats erhoben (unsere Gl\u00e4ubiger ID: DE41ZZZ00000984848). Die Mehrkosten durch nichteingel\u00f6ste Lastschriften werden entsprechend weiterberechnet.<\/li><\/ol>\t\t\t\t\t\t<\/div>\n\t\t\t\t<\/div>\n\t\t\t\t\t<\/div>\n\t\t<\/div>\n\t\t\t\t<div class=\"elementor-column elementor-col-25 elementor-top-column elementor-element elementor-element-49304ed\" data-id=\"49304ed\" data-element_type=\"column\">\n\t\t\t<div class=\"elementor-widget-wrap\">\n\t\t\t\t\t\t\t\t\t<\/div>\n\t\t<\/div>\n\t\t\t\t\t\t\t<\/div>\n\t\t<\/section>\n\t\t\t\t\t\t\t<\/div>\n\t\t","protected":false},"excerpt":{"rendered":"<p>Im Vergleich zu anderen Instrumenten ist die Blockfl\u00f6te relativ einfach zu spielen und ist deshalb ein tolles Einstiegsinstrument f\u00fcr Kinder. Im Blockfl\u00f6tenspiel lernen sie spielerisch die Welt der Noten kennen. In einer kleinen Gruppe lernen sie erste Melodien und Kinderlieder. Die Kinder begreifen die Bedeutung der unterschiedlichen Noten und den [&hellip;]<\/p>\n","protected":false},"author":1,"featured_media":0,"parent":0,"menu_order":0,"comment_status":"closed","ping_status":"closed","template":"elementor_header_footer","meta":[],"_links":{"self":[{"href":"https:\/\/musikzug-kleinfoerste.de\/index.php?rest_route=\/wp\/v2\/pages\/195"}],"collection":[{"href":"https:\/\/musikzug-kleinfoerste.de\/index.php?rest_route=\/wp\/v2\/pages"}],"about":[{"href":"https:\/\/musikzug-kleinfoerste.de\/index.php?rest_route=\/wp\/v2\/types\/page"}],"author":[{"embeddable":true,"href":"https:\/\/musikzug-kleinfoerste.de\/index.php?rest_route=\/wp\/v2\/users\/1"}],"replies":[{"embeddable":true,"href":"https:\/\/musikzug-kleinfoerste.de\/index.php?rest_route=%2Fwp%2Fv2%2Fcomments&post=195"}],"version-history":[{"count":73,"href":"https:\/\/musikzug-kleinfoerste.de\/index.php?rest_route=\/wp\/v2\/pages\/195\/revisions"}],"predecessor-version":[{"id":1512,"href":"https:\/\/musikzug-kleinfoerste.de\/index.php?rest_route=\/wp\/v2\/pages\/195\/revisions\/1512"}],"wp:attachment":[{"href":"https:\/\/musikzug-kleinfoerste.de\/index.php?rest_route=%2Fwp%2Fv2%2Fmedia&parent=195"}],"curies":[{"name":"wp","href":"https:\/\/api.w.org\/{rel}","templated":true}]}}